{"id":762,"date":"2021-08-03T06:51:58","date_gmt":"2021-08-03T06:51:58","guid":{"rendered":"https:\/\/marias-cosmetics.com\/?page_id=762"},"modified":"2023-01-31T11:05:05","modified_gmt":"2023-01-31T11:05:05","slug":"raselina","status":"publish","type":"page","link":"https:\/\/marias-cosmetics.com\/ru\/raselina\/","title":{"rendered":"T\u043e\u0440\u0444\u043e\u043c"},"content":{"rendered":"<p>Tis\u00edce let ukl\u00e1dala p\u0159\u00edroda v\u00a0ra\u0161elini\u0161t\u00edch, v\u00a0ekologicky \u010dist\u00e9m prost\u0159ed\u00ed v\u00a0bl\u00edzkosti Mari\u00e1nsk\u00fdch L\u00e1zn\u00edch, miner\u00e1ln\u00ed l\u00e1tky pln\u00e9 energie. Vznikla tak l\u00e1tka, kterou naz\u00fdv\u00e1me ra\u0161elina. Z\u00a0d\u016fvod\u016f jedine\u010dn\u00fdch \u00fa\u010dink\u016f se po\u00a0stalet\u00ed pou\u017e\u00edv\u00e1 k\u00a0l\u00e9\u010debn\u00fdm procedur\u00e1m do\u00a0koupel\u00ed, z\u00e1bal\u016f&#8230; a\u00a0nyn\u00ed i\u00a0kosmetiky.<\/p>\n","protected":false},"excerpt":{"rendered":"<p>Tis\u00edce let ukl\u00e1dala p\u0159\u00edroda v\u00a0ra\u0161elini\u0161t\u00edch, v\u00a0ekologicky \u010dist\u00e9m prost\u0159ed\u00ed v\u00a0bl\u00edzkosti Mari\u00e1nsk\u00fdch L\u00e1zn\u00edch, miner\u00e1ln\u00ed l\u00e1tky pln\u00e9 energie. Vznikla tak l\u00e1tka, kterou naz\u00fdv\u00e1me ra\u0161elina. Z\u00a0d\u016fvod\u016f jedine\u010dn\u00fdch \u00fa\u010dink\u016f se po\u00a0stalet\u00ed pou\u017e\u00edv\u00e1 k\u00a0l\u00e9\u010debn\u00fdm procedur\u00e1m do\u00a0koupel\u00ed, z\u00e1bal\u016f&#8230; a\u00a0nyn\u00ed i\u00a0kosmetiky.<\/p>\n","protected":false},"author":2,"featured_media":0,"parent":0,"menu_order":0,"comment_status":"closed","ping_status":"closed","template":"flexible-layouts.php","meta":{"inline_featured_image":false,"footnotes":""},"class_list":["post-762","page","type-page","status-publish","hentry"],"acf":[],"_links":{"self":[{"href":"https:\/\/marias-cosmetics.com\/ru\/wp-json\/wp\/v2\/pages\/762","targetHints":{"allow":["GET"]}}],"collection":[{"href":"https:\/\/marias-cosmetics.com\/ru\/wp-json\/wp\/v2\/pages"}],"about":[{"href":"https:\/\/marias-cosmetics.com\/ru\/wp-json\/wp\/v2\/types\/page"}],"author":[{"embeddable":true,"href":"https:\/\/marias-cosmetics.com\/ru\/wp-json\/wp\/v2\/users\/2"}],"replies":[{"embeddable":true,"href":"https:\/\/marias-cosmetics.com\/ru\/wp-json\/wp\/v2\/comments?post=762"}],"version-history":[{"count":14,"href":"https:\/\/marias-cosmetics.com\/ru\/wp-json\/wp\/v2\/pages\/762\/revisions"}],"predecessor-version":[{"id":982,"href":"https:\/\/marias-cosmetics.com\/ru\/wp-json\/wp\/v2\/pages\/762\/revisions\/982"}],"wp:attachment":[{"href":"https:\/\/marias-cosmetics.com\/ru\/wp-json\/wp\/v2\/media?parent=762"}],"curies":[{"name":"wp","href":"https:\/\/api.w.org\/{rel}","templated":true}]}}